{"id":2909,"date":"2019-08-05T15:07:47","date_gmt":"2019-08-05T13:07:47","guid":{"rendered":"https:\/\/www.formaciondentalgram.com\/contacto\/"},"modified":"2022-10-10T01:27:04","modified_gmt":"2022-10-09T23:27:04","slug":"contact","status":"publish","type":"page","link":"https:\/\/www.formaciondentalgram.com\/en\/contact\/","title":{"rendered":"Contact"},"content":{"rendered":"\t\t<div data-elementor-type=\"wp-post\" data-elementor-id=\"2909\" class=\"elementor elementor-2909\" data-elementor-post-type=\"page\">\n\t\t\t\t\t\t<section class=\"elementor-section elementor-top-section elementor-element elementor-element-1f02617 elementor-section-height-min-height elementor-section-boxed elementor-section-height-default elementor-section-items-middle\" data-id=\"1f02617\" data-element_type=\"section\" data-e-type=\"section\" data-settings=\"{&quot;background_background&quot;:&quot;classic&quot;}\">\n\t\t\t\t\t\t<div class=\"elementor-container elementor-column-gap-default\">\n\t\t\t\t\t<div class=\"elementor-column elementor-col-100 elementor-top-column elementor-element elementor-element-2ab8652\" data-id=\"2ab8652\" data-element_type=\"column\" data-e-type=\"column\">\n\t\t\t<div class=\"elementor-widget-wrap elementor-element-populated\">\n\t\t\t\t\t\t<div class=\"elementor-element elementor-element-1668da4 elementor-widget elementor-widget-heading\" data-id=\"1668da4\" data-element_type=\"widget\" data-e-type=\"widget\" data-widget_type=\"heading.default\">\n\t\t\t\t<div class=\"elementor-widget-container\">\n\t\t\t\t\t<h3 class=\"elementor-heading-title elementor-size-default\">Contact with us<\/h3>\t\t\t\t<\/div>\n\t\t\t\t<\/div>\n\t\t\t\t\t<\/div>\n\t\t<\/div>\n\t\t\t\t\t<\/div>\n\t\t<\/section>\n\t\t\t\t<section class=\"elementor-section elementor-top-section elementor-element elementor-element-3f4e1df elementor-section-boxed elementor-section-height-default elementor-section-height-default\" data-id=\"3f4e1df\" data-element_type=\"section\" data-e-type=\"section\" data-settings=\"{&quot;background_background&quot;:&quot;classic&quot;}\">\n\t\t\t\t\t\t\t<div class=\"elementor-background-overlay\"><\/div>\n\t\t\t\t\t\t\t<div class=\"elementor-container elementor-column-gap-default\">\n\t\t\t\t\t<div class=\"elementor-column elementor-col-100 elementor-top-column elementor-element elementor-element-cd08d22\" data-id=\"cd08d22\" data-element_type=\"column\" data-e-type=\"column\">\n\t\t\t<div class=\"elementor-widget-wrap elementor-element-populated\">\n\t\t\t\t\t\t<section class=\"elementor-section elementor-inner-section elementor-element elementor-element-25b083f elementor-section-boxed elementor-section-height-default elementor-section-height-default\" data-id=\"25b083f\" data-element_type=\"section\" data-e-type=\"section\">\n\t\t\t\t\t\t<div class=\"elementor-container elementor-column-gap-default\">\n\t\t\t\t\t<div class=\"elementor-column elementor-col-100 elementor-inner-column elementor-element elementor-element-097ea25\" data-id=\"097ea25\" data-element_type=\"column\" data-e-type=\"column\">\n\t\t\t<div class=\"elementor-widget-wrap elementor-element-populated\">\n\t\t\t\t\t\t<div class=\"elementor-element elementor-element-742d9b7 elementor-widget elementor-widget-text-editor\" data-id=\"742d9b7\" data-element_type=\"widget\" data-e-type=\"widget\" data-widget_type=\"text-editor.default\">\n\t\t\t\t<div class=\"elementor-widget-container\">\n\t\t\t\t\t\t\t\t\t<h2 style=\"font-family: &quot;Open Sans&quot;, serif; font-style: normal;\">CONTACT INFORMATION<\/h2>\t\t\t\t\t\t\t\t<\/div>\n\t\t\t\t<\/div>\n\t\t\t\t<div class=\"elementor-element elementor-element-961c338 elementor-widget-divider--view-line elementor-widget elementor-widget-divider\" data-id=\"961c338\" data-element_type=\"widget\" data-e-type=\"widget\" data-widget_type=\"divider.default\">\n\t\t\t\t<div class=\"elementor-widget-container\">\n\t\t\t\t\t\t\t<div class=\"elementor-divider\">\n\t\t\t<span class=\"elementor-divider-separator\">\n\t\t\t\t\t\t<\/span>\n\t\t<\/div>\n\t\t\t\t\t\t<\/div>\n\t\t\t\t<\/div>\n\t\t\t\t<div class=\"elementor-element elementor-element-86f8f40 elementor-widget elementor-widget-text-editor\" data-id=\"86f8f40\" data-element_type=\"widget\" data-e-type=\"widget\" data-widget_type=\"text-editor.default\">\n\t\t\t\t<div class=\"elementor-widget-container\">\n\t\t\t\t\t\t\t\t\t<p>\u2706 Phone (WhatsApp): +34 674 75 52 60<br \/>\u2709\ufe0e Email: info@formaciondentalgram.com<\/p>\t\t\t\t\t\t\t\t<\/div>\n\t\t\t\t<\/div>\n\t\t\t\t\t<\/div>\n\t\t<\/div>\n\t\t\t\t\t<\/div>\n\t\t<\/section>\n\t\t\t\t<div class=\"elementor-element elementor-element-31cfff8 elementor-widget elementor-widget-heading\" data-id=\"31cfff8\" data-element_type=\"widget\" data-e-type=\"widget\" data-widget_type=\"heading.default\">\n\t\t\t\t<div class=\"elementor-widget-container\">\n\t\t\t\t\t<h3 class=\"elementor-heading-title elementor-size-default\">Contact the Dentalgram Training Team<\/h3>\t\t\t\t<\/div>\n\t\t\t\t<\/div>\n\t\t\t\t<div class=\"elementor-element elementor-element-c0c10ce elementor-button-align-center elementor-widget elementor-widget-form\" data-id=\"c0c10ce\" data-element_type=\"widget\" data-e-type=\"widget\" data-settings=\"{&quot;step_next_label&quot;:&quot;Next&quot;,&quot;step_previous_label&quot;:&quot;Previous&quot;,&quot;button_width&quot;:&quot;100&quot;,&quot;step_type&quot;:&quot;number_text&quot;,&quot;step_icon_shape&quot;:&quot;circle&quot;}\" data-widget_type=\"form.default\">\n\t\t\t\t<div class=\"elementor-widget-container\">\n\t\t\t\t\t\t\t<form class=\"elementor-form\" method=\"post\" name=\"Nuevo Formulario\" aria-label=\"Nuevo Formulario\">\n\t\t\t<input type=\"hidden\" name=\"post_id\" value=\"2909\"\/>\n\t\t\t<input type=\"hidden\" name=\"form_id\" value=\"c0c10ce\"\/>\n\t\t\t<input type=\"hidden\" name=\"referer_title\" value=\"Dentalgram &#8211; Formaci\u00f3n para Odont\u00f3logos\" \/>\n\n\t\t\t\n\t\t\t<div class=\"elementor-form-fields-wrapper elementor-labels-above\">\n\t\t\t\t\t\t\t\t<div class=\"elementor-field-type-text elementor-field-group elementor-column elementor-field-group-name elementor-col-33 elementor-field-required elementor-mark-required\">\n\t\t\t\t\t\t\t\t\t\t\t\t<label for=\"form-field-name\" class=\"elementor-field-label\">\n\t\t\t\t\t\t\t\tName & Last Name\t\t\t\t\t\t\t<\/label>\n\t\t\t\t\t\t\t\t\t\t\t\t\t\t<input size=\"1\" type=\"text\" name=\"form_fields[name]\" id=\"form-field-name\" class=\"elementor-field elementor-size-sm  elementor-field-textual\" placeholder=\"Name &amp; Last Name\" required=\"required\">\n\t\t\t\t\t\t\t\t\t\t\t<\/div>\n\t\t\t\t\t\t\t\t<div class=\"elementor-field-type-tel elementor-field-group elementor-column elementor-field-group-telefono elementor-col-33\">\n\t\t\t\t\t\t\t\t\t\t\t\t<label for=\"form-field-telefono\" class=\"elementor-field-label\">\n\t\t\t\t\t\t\t\tPhone Number\t\t\t\t\t\t\t<\/label>\n\t\t\t\t\t\t\t\t<input size=\"1\" type=\"tel\" name=\"form_fields[telefono]\" id=\"form-field-telefono\" class=\"elementor-field elementor-size-sm  elementor-field-textual\" placeholder=\"Phone Number\" pattern=\"[0-9()#&amp;+*-=.]+\" title=\"Only numbers and phone characters (#, -, *, etc) are accepted.\">\n\n\t\t\t\t\t\t<\/div>\n\t\t\t\t\t\t\t\t<div class=\"elementor-field-type-email elementor-field-group elementor-column elementor-field-group-email elementor-col-33 elementor-field-required elementor-mark-required\">\n\t\t\t\t\t\t\t\t\t\t\t\t<label for=\"form-field-email\" class=\"elementor-field-label\">\n\t\t\t\t\t\t\t\tEmail\t\t\t\t\t\t\t<\/label>\n\t\t\t\t\t\t\t\t\t\t\t\t\t\t<input size=\"1\" type=\"email\" name=\"form_fields[email]\" id=\"form-field-email\" class=\"elementor-field elementor-size-sm  elementor-field-textual\" placeholder=\"Email\" required=\"required\">\n\t\t\t\t\t\t\t\t\t\t\t<\/div>\n\t\t\t\t\t\t\t\t<div class=\"elementor-field-type-textarea elementor-field-group elementor-column elementor-field-group-message elementor-col-100\">\n\t\t\t\t\t\t\t\t\t\t\t\t<label for=\"form-field-message\" class=\"elementor-field-label\">\n\t\t\t\t\t\t\t\tHow can we help you?\t\t\t\t\t\t\t<\/label>\n\t\t\t\t\t\t<textarea class=\"elementor-field-textual elementor-field  elementor-size-sm\" name=\"form_fields[message]\" id=\"form-field-message\" rows=\"6\" placeholder=\"Message\"><\/textarea>\t\t\t\t<\/div>\n\t\t\t\t\t\t\t\t<div class=\"elementor-field-type-select elementor-field-group elementor-column elementor-field-group-field_1 elementor-col-50 elementor-field-required elementor-mark-required\">\n\t\t\t\t\t\t\t\t\t\t\t\t<label for=\"form-field-field_1\" class=\"elementor-field-label\">\n\t\t\t\t\t\t\t\tIn which course are you interested?\t\t\t\t\t\t\t<\/label>\n\t\t\t\t\t\t\t\t<div class=\"elementor-field elementor-select-wrapper remove-before \">\n\t\t\t<div class=\"select-caret-down-wrapper\">\n\t\t\t\t<i aria-hidden=\"true\" class=\"eicon-caret-down\"><\/i>\t\t\t<\/div>\n\t\t\t<select name=\"form_fields[field_1]\" id=\"form-field-field_1\" class=\"elementor-field-textual elementor-size-sm\" required=\"required\">\n\t\t\t\t\t\t\t\t\t<option value=\"Mini-Implants Course (Dr. Won Moon &amp; Dr. Mompell)\">Mini-Implants Course (Dr. Won Moon &amp; Dr. Mompell)<\/option>\n\t\t\t\t\t\t\t\t\t<option value=\"International Invisalign Course (Dr. Kenji Ojima &amp; Dr. Ramon Mompell)\">International Invisalign Course (Dr. Kenji Ojima &amp; Dr. Ramon Mompell)<\/option>\n\t\t\t\t\t\t\t\t\t<option value=\"3D Control Clin-Check Course\">3D Control Clin-Check Course<\/option>\n\t\t\t\t\t\t\t\t\t<option value=\"Stripping Course\">Stripping Course<\/option>\n\t\t\t\t\t\t\t\t\t<option value=\"Invisalign Assistant Course\">Invisalign Assistant Course<\/option>\n\t\t\t\t\t\t\t\t\t<option value=\"Other questions\">Other questions<\/option>\n\t\t\t\t\t\t\t<\/select>\n\t\t<\/div>\n\t\t\t\t\t\t<\/div>\n\t\t\t\t\t\t\t\t<div class=\"elementor-field-type-checkbox elementor-field-group elementor-column elementor-field-group-field_2 elementor-col-50\">\n\t\t\t\t\t\t\t\t\t\t\t\t<label for=\"form-field-field_2\" class=\"elementor-field-label\">\n\t\t\t\t\t\t\t\tPreferred Contact Method\t\t\t\t\t\t\t<\/label>\n\t\t\t\t\t\t<div class=\"elementor-field-subgroup  \"><span class=\"elementor-field-option\"><input type=\"checkbox\" value=\"Phone (WhatsApp)\" id=\"form-field-field_2-0\" name=\"form_fields[field_2][]\"> <label for=\"form-field-field_2-0\">Phone (WhatsApp)<\/label><\/span><span class=\"elementor-field-option\"><input type=\"checkbox\" value=\"Email\" id=\"form-field-field_2-1\" name=\"form_fields[field_2][]\"> <label for=\"form-field-field_2-1\">Email<\/label><\/span><\/div>\t\t\t\t<\/div>\n\t\t\t\t\t\t\t\t<div class=\"elementor-field-type-acceptance elementor-field-group elementor-column elementor-field-group-politicas elementor-col-100 elementor-field-required elementor-mark-required\">\n\t\t\t\t\t\t\t<div class=\"elementor-field-subgroup\">\n\t\t\t<span class=\"elementor-field-option\">\n\t\t\t\t<input type=\"checkbox\" name=\"form_fields[politicas]\" id=\"form-field-politicas\" class=\"elementor-field elementor-size-sm  elementor-acceptance-field\" required=\"required\">\n\t\t\t\t<label for=\"form-field-politicas\">I agree with the privacy policy and the Terms and Conditions.<\/label>\t\t\t<\/span>\n\t\t<\/div>\n\t\t\t\t\t\t<\/div>\n\t\t\t\t\t\t\t\t<div class=\"elementor-field-type-html elementor-field-group elementor-column elementor-field-group-field_3 elementor-col-100\">\n\t\t\t\t\t<span class=\"collapseomatic \" id=\"caja_desplegable_legal\"  tabindex=\"0\" title=\"Before submitting the form, you should read the basic information on data protection here.\"    >Before submitting the form, you should read the basic information on data protection here.<\/span><div id=\"target-caja_desplegable_legal\" class=\"collapseomatic_content \">\n<br\/>\n<ul>\n<li><b>Responsible:<\/b> DENTALGRAM FORMACI\u00d3N, S.L. <\/li>\n<li><b>Purpose:<\/b> To answer your inquiry and send you useful information about our services.<\/li>\n<li><b>Legitimation:<\/b> your consent through this form.<\/li>\n<li><b>Recipients:<\/b> We do not intend to transfer your data to third parties, except by legal obligation.<\/li>\n<li><b>Rights:<\/b> you have the right to access, rectify, delete, portability and opposition to your data. The contact data will be stored in our servers.<\/li>\n<li><b>Additional information:<\/b> you can consult the additional and detailed information on data protection in the link at the bottom of this page.<\/li>\n<\/ul>\n<\/div>\t\t\t\t<\/div>\n\t\t\t\t\t\t\t\t<div class=\"elementor-field-type-recaptcha_v3 elementor-field-group elementor-column elementor-field-group-field_435b435 elementor-col-100 recaptcha_v3-bottomleft\">\n\t\t\t\t\t<div class=\"elementor-field\" id=\"form-field-field_435b435\"><div class=\"elementor-g-recaptcha\" data-sitekey=\"6Lfo1jEgAAAAAEjIswvGnXM2Y0BWSFv388-bkV4K\" data-type=\"v3\" data-action=\"Form\" data-badge=\"bottomleft\" data-size=\"invisible\"><\/div><\/div>\t\t\t\t<\/div>\n\t\t\t\t\t\t\t\t<div class=\"elementor-field-group elementor-column elementor-field-type-submit elementor-col-100 e-form__buttons\">\n\t\t\t\t\t<button class=\"elementor-button elementor-size-sm\" type=\"submit\">\n\t\t\t\t\t\t<span class=\"elementor-button-content-wrapper\">\n\t\t\t\t\t\t\t\t\t\t\t\t\t\t\t\t\t\t\t\t\t\t<span class=\"elementor-button-text\">Send<\/span>\n\t\t\t\t\t\t\t\t\t\t\t\t\t<\/span>\n\t\t\t\t\t<\/button>\n\t\t\t\t<\/div>\n\t\t\t<\/div>\n\t\t<\/form>\n\t\t\t\t\t\t<\/div>\n\t\t\t\t<\/div>\n\t\t\t\t\t<\/div>\n\t\t<\/div>\n\t\t\t\t\t<\/div>\n\t\t<\/section>\n\t\t\t\t<\/div>\n\t\t","protected":false},"excerpt":{"rendered":"<p>Contact with us CONTACT INFORMATION \u2706 Phone (WhatsApp): +34 674 75 52 60\u2709\ufe0e Email: info@formaciondentalgram.com Contact the Dentalgram Training Team<\/p>\n","protected":false},"author":1,"featured_media":0,"parent":0,"menu_order":0,"comment_status":"closed","ping_status":"closed","template":"","meta":{"footnotes":""},"class_list":["post-2909","page","type-page","status-publish"],"yoast_head":"<!-- This site is optimized with the Yoast SEO plugin v27.3 - https:\/\/yoast.com\/product\/yoast-seo-wordpress\/ -->\n<title>Contact - Dentalgram - Formaci\u00f3n para Odont\u00f3logos<\/title>\n<meta name=\"robots\" content=\"index, follow, max-snippet:-1, max-image-preview:large, max-video-preview:-1\" \/>\n<link rel=\"canonical\" href=\"https:\/\/www.formaciondentalgram.com\/en\/contact\/\" \/>\n<meta property=\"og:locale\" content=\"en_US\" \/>\n<meta property=\"og:type\" content=\"article\" \/>\n<meta property=\"og:title\" content=\"Contact - Dentalgram - Formaci\u00f3n para Odont\u00f3logos\" \/>\n<meta property=\"og:description\" content=\"Contact with us CONTACT INFORMATION \u2706 Phone (WhatsApp): +34 674 75 52 60\u2709\ufe0e Email: info@formaciondentalgram.com Contact the Dentalgram Training Team\" \/>\n<meta property=\"og:url\" content=\"https:\/\/www.formaciondentalgram.com\/en\/contact\/\" \/>\n<meta property=\"og:site_name\" content=\"Dentalgram - Formaci\u00f3n para Odont\u00f3logos\" \/>\n<meta property=\"article:modified_time\" content=\"2022-10-09T23:27:04+00:00\" \/>\n<meta name=\"twitter:card\" content=\"summary_large_image\" \/>\n<meta name=\"twitter:label1\" content=\"Est. reading time\" \/>\n\t<meta name=\"twitter:data1\" content=\"1 minute\" \/>\n<script type=\"application\/ld+json\" class=\"yoast-schema-graph\">{\"@context\":\"https:\\\/\\\/schema.org\",\"@graph\":[{\"@type\":\"WebPage\",\"@id\":\"https:\\\/\\\/www.formaciondentalgram.com\\\/en\\\/contact\\\/\",\"url\":\"https:\\\/\\\/www.formaciondentalgram.com\\\/en\\\/contact\\\/\",\"name\":\"Contact - Dentalgram - Formaci\u00f3n para Odont\u00f3logos\",\"isPartOf\":{\"@id\":\"https:\\\/\\\/www.formaciondentalgram.com\\\/#website\"},\"datePublished\":\"2019-08-05T13:07:47+00:00\",\"dateModified\":\"2022-10-09T23:27:04+00:00\",\"breadcrumb\":{\"@id\":\"https:\\\/\\\/www.formaciondentalgram.com\\\/en\\\/contact\\\/#breadcrumb\"},\"inLanguage\":\"en-US\",\"potentialAction\":[{\"@type\":\"ReadAction\",\"target\":[\"https:\\\/\\\/www.formaciondentalgram.com\\\/en\\\/contact\\\/\"]}]},{\"@type\":\"BreadcrumbList\",\"@id\":\"https:\\\/\\\/www.formaciondentalgram.com\\\/en\\\/contact\\\/#breadcrumb\",\"itemListElement\":[{\"@type\":\"ListItem\",\"position\":1,\"name\":\"Portada\",\"item\":\"https:\\\/\\\/www.formaciondentalgram.com\\\/\"},{\"@type\":\"ListItem\",\"position\":2,\"name\":\"Contact\"}]},{\"@type\":\"WebSite\",\"@id\":\"https:\\\/\\\/www.formaciondentalgram.com\\\/#website\",\"url\":\"https:\\\/\\\/www.formaciondentalgram.com\\\/\",\"name\":\"Dentalgram - Formaci\u00f3n para Odont\u00f3logos\",\"description\":\"Formaci\u00f3n Odontol\u00f3gica especializada.\",\"publisher\":{\"@id\":\"https:\\\/\\\/www.formaciondentalgram.com\\\/#organization\"},\"potentialAction\":[{\"@type\":\"SearchAction\",\"target\":{\"@type\":\"EntryPoint\",\"urlTemplate\":\"https:\\\/\\\/www.formaciondentalgram.com\\\/?s={search_term_string}\"},\"query-input\":{\"@type\":\"PropertyValueSpecification\",\"valueRequired\":true,\"valueName\":\"search_term_string\"}}],\"inLanguage\":\"en-US\"},{\"@type\":\"Organization\",\"@id\":\"https:\\\/\\\/www.formaciondentalgram.com\\\/#organization\",\"name\":\"Dentalgram - Formaci\u00f3n para Odont\u00f3logos\",\"url\":\"https:\\\/\\\/www.formaciondentalgram.com\\\/\",\"logo\":{\"@type\":\"ImageObject\",\"inLanguage\":\"en-US\",\"@id\":\"https:\\\/\\\/www.formaciondentalgram.com\\\/#\\\/schema\\\/logo\\\/image\\\/\",\"url\":\"https:\\\/\\\/www.formaciondentalgram.com\\\/wp-content\\\/uploads\\\/logo-dentalgram.png\",\"contentUrl\":\"https:\\\/\\\/www.formaciondentalgram.com\\\/wp-content\\\/uploads\\\/logo-dentalgram.png\",\"width\":200,\"height\":44,\"caption\":\"Dentalgram - Formaci\u00f3n para Odont\u00f3logos\"},\"image\":{\"@id\":\"https:\\\/\\\/www.formaciondentalgram.com\\\/#\\\/schema\\\/logo\\\/image\\\/\"}}]}<\/script>\n<!-- \/ Yoast SEO plugin. -->","yoast_head_json":{"title":"Contact - Dentalgram - Formaci\u00f3n para Odont\u00f3logos","robots":{"index":"index","follow":"follow","max-snippet":"max-snippet:-1","max-image-preview":"max-image-preview:large","max-video-preview":"max-video-preview:-1"},"canonical":"https:\/\/www.formaciondentalgram.com\/en\/contact\/","og_locale":"en_US","og_type":"article","og_title":"Contact - Dentalgram - Formaci\u00f3n para Odont\u00f3logos","og_description":"Contact with us CONTACT INFORMATION \u2706 Phone (WhatsApp): +34 674 75 52 60\u2709\ufe0e Email: info@formaciondentalgram.com Contact the Dentalgram Training Team","og_url":"https:\/\/www.formaciondentalgram.com\/en\/contact\/","og_site_name":"Dentalgram - Formaci\u00f3n para Odont\u00f3logos","article_modified_time":"2022-10-09T23:27:04+00:00","twitter_card":"summary_large_image","twitter_misc":{"Est. reading time":"1 minute"},"schema":{"@context":"https:\/\/schema.org","@graph":[{"@type":"WebPage","@id":"https:\/\/www.formaciondentalgram.com\/en\/contact\/","url":"https:\/\/www.formaciondentalgram.com\/en\/contact\/","name":"Contact - Dentalgram - Formaci\u00f3n para Odont\u00f3logos","isPartOf":{"@id":"https:\/\/www.formaciondentalgram.com\/#website"},"datePublished":"2019-08-05T13:07:47+00:00","dateModified":"2022-10-09T23:27:04+00:00","breadcrumb":{"@id":"https:\/\/www.formaciondentalgram.com\/en\/contact\/#breadcrumb"},"inLanguage":"en-US","potentialAction":[{"@type":"ReadAction","target":["https:\/\/www.formaciondentalgram.com\/en\/contact\/"]}]},{"@type":"BreadcrumbList","@id":"https:\/\/www.formaciondentalgram.com\/en\/contact\/#breadcrumb","itemListElement":[{"@type":"ListItem","position":1,"name":"Portada","item":"https:\/\/www.formaciondentalgram.com\/"},{"@type":"ListItem","position":2,"name":"Contact"}]},{"@type":"WebSite","@id":"https:\/\/www.formaciondentalgram.com\/#website","url":"https:\/\/www.formaciondentalgram.com\/","name":"Dentalgram - Formaci\u00f3n para Odont\u00f3logos","description":"Formaci\u00f3n Odontol\u00f3gica especializada.","publisher":{"@id":"https:\/\/www.formaciondentalgram.com\/#organization"},"potentialAction":[{"@type":"SearchAction","target":{"@type":"EntryPoint","urlTemplate":"https:\/\/www.formaciondentalgram.com\/?s={search_term_string}"},"query-input":{"@type":"PropertyValueSpecification","valueRequired":true,"valueName":"search_term_string"}}],"inLanguage":"en-US"},{"@type":"Organization","@id":"https:\/\/www.formaciondentalgram.com\/#organization","name":"Dentalgram - Formaci\u00f3n para Odont\u00f3logos","url":"https:\/\/www.formaciondentalgram.com\/","logo":{"@type":"ImageObject","inLanguage":"en-US","@id":"https:\/\/www.formaciondentalgram.com\/#\/schema\/logo\/image\/","url":"https:\/\/www.formaciondentalgram.com\/wp-content\/uploads\/logo-dentalgram.png","contentUrl":"https:\/\/www.formaciondentalgram.com\/wp-content\/uploads\/logo-dentalgram.png","width":200,"height":44,"caption":"Dentalgram - Formaci\u00f3n para Odont\u00f3logos"},"image":{"@id":"https:\/\/www.formaciondentalgram.com\/#\/schema\/logo\/image\/"}}]}},"_links":{"self":[{"href":"https:\/\/www.formaciondentalgram.com\/en\/wp-json\/wp\/v2\/pages\/2909","targetHints":{"allow":["GET"]}}],"collection":[{"href":"https:\/\/www.formaciondentalgram.com\/en\/wp-json\/wp\/v2\/pages"}],"about":[{"href":"https:\/\/www.formaciondentalgram.com\/en\/wp-json\/wp\/v2\/types\/page"}],"author":[{"embeddable":true,"href":"https:\/\/www.formaciondentalgram.com\/en\/wp-json\/wp\/v2\/users\/1"}],"replies":[{"embeddable":true,"href":"https:\/\/www.formaciondentalgram.com\/en\/wp-json\/wp\/v2\/comments?post=2909"}],"version-history":[{"count":27,"href":"https:\/\/www.formaciondentalgram.com\/en\/wp-json\/wp\/v2\/pages\/2909\/revisions"}],"predecessor-version":[{"id":7765,"href":"https:\/\/www.formaciondentalgram.com\/en\/wp-json\/wp\/v2\/pages\/2909\/revisions\/7765"}],"wp:attachment":[{"href":"https:\/\/www.formaciondentalgram.com\/en\/wp-json\/wp\/v2\/media?parent=2909"}],"curies":[{"name":"wp","href":"https:\/\/api.w.org\/{rel}","templated":true}]}}