{"id":2919,"date":"2019-08-06T09:56:41","date_gmt":"2019-08-06T07:56:41","guid":{"rendered":"https:\/\/www.formaciondentalgram.com\/politica-de-cookies\/"},"modified":"2020-02-19T09:42:13","modified_gmt":"2020-02-19T08:42:13","slug":"cookies-policy","status":"publish","type":"page","link":"https:\/\/www.formaciondentalgram.com\/en\/cookies-policy\/","title":{"rendered":"Cookies Policy"},"content":{"rendered":"\t\t<div data-elementor-type=\"wp-post\" data-elementor-id=\"2919\" class=\"elementor elementor-2919\" data-elementor-post-type=\"page\">\n\t\t\t\t\t\t<section class=\"elementor-section elementor-top-section elementor-element elementor-element-ce21b9f elementor-section-boxed elementor-section-height-default elementor-section-height-default\" data-id=\"ce21b9f\" data-element_type=\"section\" data-e-type=\"section\" data-settings=\"{&quot;background_background&quot;:&quot;classic&quot;}\">\n\t\t\t\t\t\t<div class=\"elementor-container elementor-column-gap-default\">\n\t\t\t\t\t<div class=\"elementor-column elementor-col-100 elementor-top-column elementor-element elementor-element-060b0a7\" data-id=\"060b0a7\" data-element_type=\"column\" data-e-type=\"column\">\n\t\t\t<div class=\"elementor-widget-wrap elementor-element-populated\">\n\t\t\t\t\t\t<div class=\"elementor-element elementor-element-279557b elementor-widget elementor-widget-heading\" data-id=\"279557b\" data-element_type=\"widget\" data-e-type=\"widget\" data-widget_type=\"heading.default\">\n\t\t\t\t<div class=\"elementor-widget-container\">\n\t\t\t\t\t<h1 class=\"elementor-heading-title elementor-size-default\">COokies<\/h1>\t\t\t\t<\/div>\n\t\t\t\t<\/div>\n\t\t\t\t<div class=\"elementor-element elementor-element-6650647 elementor-widget elementor-widget-text-editor\" data-id=\"6650647\" data-element_type=\"widget\" data-e-type=\"widget\" data-widget_type=\"text-editor.default\">\n\t\t\t\t<div class=\"elementor-widget-container\">\n\t\t\t\t\t\t\t\t\tOur website uses cookies to analyze user navigation. Cookies are files that are installed on the computer from which you access our website for the purposes described on this page. The application we use to obtain and analyze navigation information is: Google Analytics.\n\nThis application has been developed by Google, which provides us with the service of audience analysis of our page. This company may use this data to improve its own services and to offer services to other companies. You can know those other uses from the indicated links.\n\nThis tool does not obtain data from the names or surnames of the users or the postal address from which they connect. The information you obtain is related, for example, to the number of pages visited, the language, social network in which our news is published, the city to which the IP address from which users access is assigned, the number of users that they visit us, the frequency and recidivism of the visits, the visit time, the browser they use, the operator or type of terminal from which the visit is made.\n\nThis information is used to improve our website, detect new needs and assess the improvements to be introduced in order to provide a better service to the users who visit us.\n\nTo allow, know, block or delete the cookies installed on your computer you can do so by configuring the browser options installed on your computer. For example you can find information on how to do it in the case you use as a browser:\n<ul>\n \t<li>Firefox from <a href=\"https:\/\/support.mozilla.org\/es\/kb\/Borrar%20cookies\" target=\"_blank\" rel=\"noopener\">here<\/a>.<\/li>\n \t<li>Chrome from <a href=\"https:\/\/support.google.com\/chrome\/answer\/95582\" target=\"_blank\" rel=\"noopener\">here<\/a>.<\/li>\n \t<li>Explorer from <a href=\"http:\/\/windows.microsoft.com\/es-es\/windows7\/how-to-manage-cookies-in-internet-explorer-9\" target=\"_blank\" rel=\"noopener\">here<\/a>.<\/li>\n \t<li>Safari from <a href=\"http:\/\/support.apple.com\/kb\/ph5042\" target=\"_blank\" rel=\"noopener\">here<\/a>.<\/li>\n \t<li>Opera from <a href=\"http:\/\/help.opera.com\/Windows\/11.50\/es-ES\/cookies.html\" target=\"_blank\" rel=\"noopener\">here<\/a>.<\/li>\n<\/ul>\t\t\t\t\t\t\t\t<\/div>\n\t\t\t\t<\/div>\n\t\t\t\t\t<\/div>\n\t\t<\/div>\n\t\t\t\t\t<\/div>\n\t\t<\/section>\n\t\t\t\t<\/div>\n\t\t","protected":false},"excerpt":{"rendered":"<p>COokies Our website uses cookies to analyze user navigation. Cookies are files that are installed on the computer from which you access our website for the purposes described on this page. The application we use to obtain and analyze navigation information is: Google Analytics. This application has been developed by Google, which provides us with &#8230; <a title=\"Cookies Policy\" class=\"read-more\" href=\"https:\/\/www.formaciondentalgram.com\/en\/cookies-policy\/\" aria-label=\"Read more about Cookies Policy\">Read more<\/a><\/p>\n","protected":false},"author":1,"featured_media":0,"parent":0,"menu_order":0,"comment_status":"closed","ping_status":"closed","template":"","meta":{"footnotes":""},"class_list":["post-2919","page","type-page","status-publish"],"yoast_head":"<!-- This site is optimized with the Yoast SEO plugin v27.3 - https:\/\/yoast.com\/product\/yoast-seo-wordpress\/ -->\n<title>Cookies Policy - Dentalgram - Formaci\u00f3n para Odont\u00f3logos<\/title>\n<meta name=\"robots\" content=\"noindex, follow\" \/>\n<meta property=\"og:locale\" content=\"en_US\" \/>\n<meta property=\"og:type\" content=\"article\" \/>\n<meta property=\"og:title\" content=\"Cookies Policy - Dentalgram - Formaci\u00f3n para Odont\u00f3logos\" \/>\n<meta property=\"og:description\" content=\"COokies Our website uses cookies to analyze user navigation. Cookies are files that are installed on the computer from which you access our website for the purposes described on this page. The application we use to obtain and analyze navigation information is: Google Analytics. This application has been developed by Google, which provides us with ... Read more\" \/>\n<meta property=\"og:url\" content=\"https:\/\/www.formaciondentalgram.com\/en\/cookies-policy\/\" \/>\n<meta property=\"og:site_name\" content=\"Dentalgram - Formaci\u00f3n para Odont\u00f3logos\" \/>\n<meta property=\"article:modified_time\" content=\"2020-02-19T08:42:13+00:00\" \/>\n<meta name=\"twitter:card\" content=\"summary_large_image\" \/>\n<meta name=\"twitter:label1\" content=\"Est. reading time\" \/>\n\t<meta name=\"twitter:data1\" content=\"1 minute\" \/>\n<script type=\"application\/ld+json\" class=\"yoast-schema-graph\">{\"@context\":\"https:\\\/\\\/schema.org\",\"@graph\":[{\"@type\":\"WebPage\",\"@id\":\"https:\\\/\\\/www.formaciondentalgram.com\\\/en\\\/cookies-policy\\\/\",\"url\":\"https:\\\/\\\/www.formaciondentalgram.com\\\/en\\\/cookies-policy\\\/\",\"name\":\"Cookies Policy - Dentalgram - Formaci\u00f3n para Odont\u00f3logos\",\"isPartOf\":{\"@id\":\"https:\\\/\\\/www.formaciondentalgram.com\\\/#website\"},\"datePublished\":\"2019-08-06T07:56:41+00:00\",\"dateModified\":\"2020-02-19T08:42:13+00:00\",\"breadcrumb\":{\"@id\":\"https:\\\/\\\/www.formaciondentalgram.com\\\/en\\\/cookies-policy\\\/#breadcrumb\"},\"inLanguage\":\"en-US\",\"potentialAction\":[{\"@type\":\"ReadAction\",\"target\":[\"https:\\\/\\\/www.formaciondentalgram.com\\\/en\\\/cookies-policy\\\/\"]}]},{\"@type\":\"BreadcrumbList\",\"@id\":\"https:\\\/\\\/www.formaciondentalgram.com\\\/en\\\/cookies-policy\\\/#breadcrumb\",\"itemListElement\":[{\"@type\":\"ListItem\",\"position\":1,\"name\":\"Portada\",\"item\":\"https:\\\/\\\/www.formaciondentalgram.com\\\/\"},{\"@type\":\"ListItem\",\"position\":2,\"name\":\"Cookies Policy\"}]},{\"@type\":\"WebSite\",\"@id\":\"https:\\\/\\\/www.formaciondentalgram.com\\\/#website\",\"url\":\"https:\\\/\\\/www.formaciondentalgram.com\\\/\",\"name\":\"Dentalgram - Formaci\u00f3n para Odont\u00f3logos\",\"description\":\"Formaci\u00f3n Odontol\u00f3gica especializada.\",\"publisher\":{\"@id\":\"https:\\\/\\\/www.formaciondentalgram.com\\\/#organization\"},\"potentialAction\":[{\"@type\":\"SearchAction\",\"target\":{\"@type\":\"EntryPoint\",\"urlTemplate\":\"https:\\\/\\\/www.formaciondentalgram.com\\\/?s={search_term_string}\"},\"query-input\":{\"@type\":\"PropertyValueSpecification\",\"valueRequired\":true,\"valueName\":\"search_term_string\"}}],\"inLanguage\":\"en-US\"},{\"@type\":\"Organization\",\"@id\":\"https:\\\/\\\/www.formaciondentalgram.com\\\/#organization\",\"name\":\"Dentalgram - Formaci\u00f3n para Odont\u00f3logos\",\"url\":\"https:\\\/\\\/www.formaciondentalgram.com\\\/\",\"logo\":{\"@type\":\"ImageObject\",\"inLanguage\":\"en-US\",\"@id\":\"https:\\\/\\\/www.formaciondentalgram.com\\\/#\\\/schema\\\/logo\\\/image\\\/\",\"url\":\"https:\\\/\\\/www.formaciondentalgram.com\\\/wp-content\\\/uploads\\\/logo-dentalgram.png\",\"contentUrl\":\"https:\\\/\\\/www.formaciondentalgram.com\\\/wp-content\\\/uploads\\\/logo-dentalgram.png\",\"width\":200,\"height\":44,\"caption\":\"Dentalgram - Formaci\u00f3n para Odont\u00f3logos\"},\"image\":{\"@id\":\"https:\\\/\\\/www.formaciondentalgram.com\\\/#\\\/schema\\\/logo\\\/image\\\/\"}}]}<\/script>\n<!-- \/ Yoast SEO plugin. -->","yoast_head_json":{"title":"Cookies Policy - Dentalgram - Formaci\u00f3n para Odont\u00f3logos","robots":{"index":"noindex","follow":"follow"},"og_locale":"en_US","og_type":"article","og_title":"Cookies Policy - Dentalgram - Formaci\u00f3n para Odont\u00f3logos","og_description":"COokies Our website uses cookies to analyze user navigation. Cookies are files that are installed on the computer from which you access our website for the purposes described on this page. The application we use to obtain and analyze navigation information is: Google Analytics. This application has been developed by Google, which provides us with ... Read more","og_url":"https:\/\/www.formaciondentalgram.com\/en\/cookies-policy\/","og_site_name":"Dentalgram - Formaci\u00f3n para Odont\u00f3logos","article_modified_time":"2020-02-19T08:42:13+00:00","twitter_card":"summary_large_image","twitter_misc":{"Est. reading time":"1 minute"},"schema":{"@context":"https:\/\/schema.org","@graph":[{"@type":"WebPage","@id":"https:\/\/www.formaciondentalgram.com\/en\/cookies-policy\/","url":"https:\/\/www.formaciondentalgram.com\/en\/cookies-policy\/","name":"Cookies Policy - Dentalgram - Formaci\u00f3n para Odont\u00f3logos","isPartOf":{"@id":"https:\/\/www.formaciondentalgram.com\/#website"},"datePublished":"2019-08-06T07:56:41+00:00","dateModified":"2020-02-19T08:42:13+00:00","breadcrumb":{"@id":"https:\/\/www.formaciondentalgram.com\/en\/cookies-policy\/#breadcrumb"},"inLanguage":"en-US","potentialAction":[{"@type":"ReadAction","target":["https:\/\/www.formaciondentalgram.com\/en\/cookies-policy\/"]}]},{"@type":"BreadcrumbList","@id":"https:\/\/www.formaciondentalgram.com\/en\/cookies-policy\/#breadcrumb","itemListElement":[{"@type":"ListItem","position":1,"name":"Portada","item":"https:\/\/www.formaciondentalgram.com\/"},{"@type":"ListItem","position":2,"name":"Cookies Policy"}]},{"@type":"WebSite","@id":"https:\/\/www.formaciondentalgram.com\/#website","url":"https:\/\/www.formaciondentalgram.com\/","name":"Dentalgram - Formaci\u00f3n para Odont\u00f3logos","description":"Formaci\u00f3n Odontol\u00f3gica especializada.","publisher":{"@id":"https:\/\/www.formaciondentalgram.com\/#organization"},"potentialAction":[{"@type":"SearchAction","target":{"@type":"EntryPoint","urlTemplate":"https:\/\/www.formaciondentalgram.com\/?s={search_term_string}"},"query-input":{"@type":"PropertyValueSpecification","valueRequired":true,"valueName":"search_term_string"}}],"inLanguage":"en-US"},{"@type":"Organization","@id":"https:\/\/www.formaciondentalgram.com\/#organization","name":"Dentalgram - Formaci\u00f3n para Odont\u00f3logos","url":"https:\/\/www.formaciondentalgram.com\/","logo":{"@type":"ImageObject","inLanguage":"en-US","@id":"https:\/\/www.formaciondentalgram.com\/#\/schema\/logo\/image\/","url":"https:\/\/www.formaciondentalgram.com\/wp-content\/uploads\/logo-dentalgram.png","contentUrl":"https:\/\/www.formaciondentalgram.com\/wp-content\/uploads\/logo-dentalgram.png","width":200,"height":44,"caption":"Dentalgram - Formaci\u00f3n para Odont\u00f3logos"},"image":{"@id":"https:\/\/www.formaciondentalgram.com\/#\/schema\/logo\/image\/"}}]}},"_links":{"self":[{"href":"https:\/\/www.formaciondentalgram.com\/en\/wp-json\/wp\/v2\/pages\/2919","targetHints":{"allow":["GET"]}}],"collection":[{"href":"https:\/\/www.formaciondentalgram.com\/en\/wp-json\/wp\/v2\/pages"}],"about":[{"href":"https:\/\/www.formaciondentalgram.com\/en\/wp-json\/wp\/v2\/types\/page"}],"author":[{"embeddable":true,"href":"https:\/\/www.formaciondentalgram.com\/en\/wp-json\/wp\/v2\/users\/1"}],"replies":[{"embeddable":true,"href":"https:\/\/www.formaciondentalgram.com\/en\/wp-json\/wp\/v2\/comments?post=2919"}],"version-history":[{"count":2,"href":"https:\/\/www.formaciondentalgram.com\/en\/wp-json\/wp\/v2\/pages\/2919\/revisions"}],"predecessor-version":[{"id":3330,"href":"https:\/\/www.formaciondentalgram.com\/en\/wp-json\/wp\/v2\/pages\/2919\/revisions\/3330"}],"wp:attachment":[{"href":"https:\/\/www.formaciondentalgram.com\/en\/wp-json\/wp\/v2\/media?parent=2919"}],"curies":[{"name":"wp","href":"https:\/\/api.w.org\/{rel}","templated":true}]}}