{"id":2922,"date":"2019-08-06T09:56:55","date_gmt":"2019-08-06T07:56:55","guid":{"rendered":"https:\/\/www.formaciondentalgram.com\/politica-de-privacidad\/"},"modified":"2020-02-19T09:39:41","modified_gmt":"2020-02-19T08:39:41","slug":"privacy-policy","status":"publish","type":"page","link":"https:\/\/www.formaciondentalgram.com\/en\/privacy-policy\/","title":{"rendered":"Privacy Policy"},"content":{"rendered":"\t\t<div data-elementor-type=\"wp-post\" data-elementor-id=\"2922\" class=\"elementor elementor-2922\" data-elementor-post-type=\"page\">\n\t\t\t\t\t\t<section class=\"elementor-section elementor-top-section elementor-element elementor-element-e726303 elementor-section-boxed elementor-section-height-default elementor-section-height-default\" data-id=\"e726303\" data-element_type=\"section\" data-e-type=\"section\" data-settings=\"{&quot;background_background&quot;:&quot;classic&quot;}\">\n\t\t\t\t\t\t<div class=\"elementor-container elementor-column-gap-default\">\n\t\t\t\t\t<div class=\"elementor-column elementor-col-100 elementor-top-column elementor-element elementor-element-ea2f3d2\" data-id=\"ea2f3d2\" data-element_type=\"column\" data-e-type=\"column\">\n\t\t\t<div class=\"elementor-widget-wrap elementor-element-populated\">\n\t\t\t\t\t\t<div class=\"elementor-element elementor-element-173d7c3 elementor-widget elementor-widget-heading\" data-id=\"173d7c3\" data-element_type=\"widget\" data-e-type=\"widget\" data-widget_type=\"heading.default\">\n\t\t\t\t<div class=\"elementor-widget-container\">\n\t\t\t\t\t<h1 class=\"elementor-heading-title elementor-size-default\">Privacy Policy<\/h1>\t\t\t\t<\/div>\n\t\t\t\t<\/div>\n\t\t\t\t<div class=\"elementor-element elementor-element-834b28f elementor-widget elementor-widget-text-editor\" data-id=\"834b28f\" data-element_type=\"widget\" data-e-type=\"widget\" data-widget_type=\"text-editor.default\">\n\t\t\t\t<div class=\"elementor-widget-container\">\n\t\t\t\t\t\t\t\t\t<p>This Privacy Policy establishes the terms in which DENTALGRAM FORMACI\u00d3N S.L. use and protect the information that is provided by its users when using its website. This company is committed to the security of its users&#8217; data. When we ask you to fill in the personal information fields with which you can be identified, we do so by ensuring that it will only be used in accordance with the terms of this document. However, this Privacy Policy may change over time or be updated so we recommend and emphasize continually reviewing this page to ensure you agree with those changes.<\/p>\t\t\t\t\t\t\t\t<\/div>\n\t\t\t\t<\/div>\n\t\t\t\t<div class=\"elementor-element elementor-element-6ddaaff elementor-widget elementor-widget-heading\" data-id=\"6ddaaff\" data-element_type=\"widget\" data-e-type=\"widget\" data-widget_type=\"heading.default\">\n\t\t\t\t<div class=\"elementor-widget-container\">\n\t\t\t\t\t<h3 class=\"elementor-heading-title elementor-size-default\">1.  Information that is collected<\/h3>\t\t\t\t<\/div>\n\t\t\t\t<\/div>\n\t\t\t\t<div class=\"elementor-element elementor-element-94e0d4f elementor-widget elementor-widget-text-editor\" data-id=\"94e0d4f\" data-element_type=\"widget\" data-e-type=\"widget\" data-widget_type=\"text-editor.default\">\n\t\t\t\t<div class=\"elementor-widget-container\">\n\t\t\t\t\t\t\t\t\t<p>Our website may collect personal information such as: Name, contact information such as your email address and demographic information. Likewise, when necessary, specific information may be required to process an order or make a delivery or billing.<\/p>\t\t\t\t\t\t\t\t<\/div>\n\t\t\t\t<\/div>\n\t\t\t\t<div class=\"elementor-element elementor-element-5dc0a74 elementor-widget elementor-widget-heading\" data-id=\"5dc0a74\" data-element_type=\"widget\" data-e-type=\"widget\" data-widget_type=\"heading.default\">\n\t\t\t\t<div class=\"elementor-widget-container\">\n\t\t\t\t\t<h3 class=\"elementor-heading-title elementor-size-default\">2. Use of the information collected <\/h3>\t\t\t\t<\/div>\n\t\t\t\t<\/div>\n\t\t\t\t<div class=\"elementor-element elementor-element-4267891 elementor-widget elementor-widget-text-editor\" data-id=\"4267891\" data-element_type=\"widget\" data-e-type=\"widget\" data-widget_type=\"text-editor.default\">\n\t\t\t\t<div class=\"elementor-widget-container\">\n\t\t\t\t\t\t\t\t\t<p>Our website uses the information in order to provide the best possible service, particularly to maintain a user registry, of orders if applicable, and to improve our products and services. E-mails may be sent periodically through our site with special offers, new products and other advertising information that we consider relevant to you or that may provide you with some benefit, these emails will be sent to the address you provide and may be canceled anytime. DENTALGRAM FORMACI\u00d3N S.L. You are highly committed to fulfill the commitment to keep your information secure. We use the most advanced systems and constantly update them to ensure that there is no unauthorized access.<\/p>\t\t\t\t\t\t\t\t<\/div>\n\t\t\t\t<\/div>\n\t\t\t\t<div class=\"elementor-element elementor-element-a3d7497 elementor-widget elementor-widget-heading\" data-id=\"a3d7497\" data-element_type=\"widget\" data-e-type=\"widget\" data-widget_type=\"heading.default\">\n\t\t\t\t<div class=\"elementor-widget-container\">\n\t\t\t\t\t<h3 class=\"elementor-heading-title elementor-size-default\">3. Cookies<\/h3>\t\t\t\t<\/div>\n\t\t\t\t<\/div>\n\t\t\t\t<div class=\"elementor-element elementor-element-852988c elementor-widget elementor-widget-text-editor\" data-id=\"852988c\" data-element_type=\"widget\" data-e-type=\"widget\" data-widget_type=\"text-editor.default\">\n\t\t\t\t<div class=\"elementor-widget-container\">\n\t\t\t\t\t\t\t\t\t<p>A cookie refers to a file that is sent for the purpose of requesting permission to be stored on your computer, by accepting said file it is created and the cookie then serves to have information regarding web traffic, and also facilitates future visits to a web recurrent. Another function that cookies have is that with them the websites<br \/>can recognize you individually and therefore provide you with the best personalized service on your website.<\/p><p>Our website uses cookies to identify the pages that are visited and their frequency. This information is used only for statistical analysis and then the information is permanently deleted. You can delete cookies at any time from your computer. However, cookies help to provide a better service for websites, they do not give access to information from your computer or from you, unless you want it and provide it directly, visits to a website. You can accept or deny the use of cookies, however most browsers accept cookies automatically as it serves to have a better web service. You can also change your computer settings to decline cookies. If they decline, you may not be able to use some of our services.<\/p>\t\t\t\t\t\t\t\t<\/div>\n\t\t\t\t<\/div>\n\t\t\t\t<div class=\"elementor-element elementor-element-7a1248b elementor-widget elementor-widget-heading\" data-id=\"7a1248b\" data-element_type=\"widget\" data-e-type=\"widget\" data-widget_type=\"heading.default\">\n\t\t\t\t<div class=\"elementor-widget-container\">\n\t\t\t\t\t<h3 class=\"elementor-heading-title elementor-size-default\">4. Links to third parties <\/h3>\t\t\t\t<\/div>\n\t\t\t\t<\/div>\n\t\t\t\t<div class=\"elementor-element elementor-element-fb97a80 elementor-widget elementor-widget-text-editor\" data-id=\"fb97a80\" data-element_type=\"widget\" data-e-type=\"widget\" data-widget_type=\"text-editor.default\">\n\t\t\t\t<div class=\"elementor-widget-container\">\n\t\t\t\t\t\t\t\t\t<p>This website may contain links to other sites that may be of interest to you. Once you click on these links and leave our page, we no longer have control over the site to which you are redirected and therefore we are not responsible for the terms or privacy or the protection of your data on those other third-party sites. These sites<br \/>are subject to their own privacy policies, so it is recommended that you consult them to confirm that you agree with them.<\/p>\t\t\t\t\t\t\t\t<\/div>\n\t\t\t\t<\/div>\n\t\t\t\t<div class=\"elementor-element elementor-element-67b0cbc elementor-widget elementor-widget-heading\" data-id=\"67b0cbc\" data-element_type=\"widget\" data-e-type=\"widget\" data-widget_type=\"heading.default\">\n\t\t\t\t<div class=\"elementor-widget-container\">\n\t\t\t\t\t<h3 class=\"elementor-heading-title elementor-size-default\">5. Control of your personal information<\/h3>\t\t\t\t<\/div>\n\t\t\t\t<\/div>\n\t\t\t\t<div class=\"elementor-element elementor-element-135b3b1 elementor-widget elementor-widget-text-editor\" data-id=\"135b3b1\" data-element_type=\"widget\" data-e-type=\"widget\" data-widget_type=\"text-editor.default\">\n\t\t\t\t<div class=\"elementor-widget-container\">\n\t\t\t\t\t\t\t\t\t<p>At any time you may restrict the collection or use of personal information that is provided to our website. Each time you are asked to fill out a form, such as the user registration, you can check or uncheck the option to receive information by email. In case you have marked the option to receive our newsletter or advertising you can cancel it at any time.<br>This company will not sell, assign or distribute personal information that is collected without your consent, unless required by a judge with a court order. DENTALGRAM FORMACI\u00d3N S.L. reserves the right to change the terms of this Privacy Policy at any time.<\/p>\t\t\t\t\t\t\t\t<\/div>\n\t\t\t\t<\/div>\n\t\t\t\t\t<\/div>\n\t\t<\/div>\n\t\t\t\t\t<\/div>\n\t\t<\/section>\n\t\t\t\t<\/div>\n\t\t","protected":false},"excerpt":{"rendered":"<p>Privacy Policy This Privacy Policy establishes the terms in which DENTALGRAM FORMACI\u00d3N S.L. use and protect the information that is provided by its users when using its website. This company is committed to the security of its users&#8217; data. When we ask you to fill in the personal information fields with which you can be &#8230; <a title=\"Privacy Policy\" class=\"read-more\" href=\"https:\/\/www.formaciondentalgram.com\/en\/privacy-policy\/\" aria-label=\"Read more about Privacy Policy\">Read more<\/a><\/p>\n","protected":false},"author":1,"featured_media":0,"parent":0,"menu_order":0,"comment_status":"closed","ping_status":"closed","template":"","meta":{"footnotes":""},"class_list":["post-2922","page","type-page","status-publish"],"yoast_head":"<!-- This site is optimized with the Yoast SEO plugin v27.4 - https:\/\/yoast.com\/product\/yoast-seo-wordpress\/ -->\n<title>Privacy Policy - Dentalgram - Formaci\u00f3n para Odont\u00f3logos<\/title>\n<meta name=\"robots\" content=\"noindex, follow\" \/>\n<meta property=\"og:locale\" content=\"en_US\" \/>\n<meta property=\"og:type\" content=\"article\" \/>\n<meta property=\"og:title\" content=\"Privacy Policy - Dentalgram - Formaci\u00f3n para Odont\u00f3logos\" \/>\n<meta property=\"og:description\" content=\"Privacy Policy This Privacy Policy establishes the terms in which DENTALGRAM FORMACI\u00d3N S.L. use and protect the information that is provided by its users when using its website. This company is committed to the security of its users&#8217; data. When we ask you to fill in the personal information fields with which you can be ... Read more\" \/>\n<meta property=\"og:url\" content=\"https:\/\/www.formaciondentalgram.com\/en\/privacy-policy\/\" \/>\n<meta property=\"og:site_name\" content=\"Dentalgram - Formaci\u00f3n para Odont\u00f3logos\" \/>\n<meta property=\"article:modified_time\" content=\"2020-02-19T08:39:41+00:00\" \/>\n<meta name=\"twitter:card\" content=\"summary_large_image\" \/>\n<meta name=\"twitter:label1\" content=\"Est. reading time\" \/>\n\t<meta name=\"twitter:data1\" content=\"3 minutes\" \/>\n<script type=\"application\/ld+json\" class=\"yoast-schema-graph\">{\"@context\":\"https:\\\/\\\/schema.org\",\"@graph\":[{\"@type\":\"WebPage\",\"@id\":\"https:\\\/\\\/www.formaciondentalgram.com\\\/en\\\/privacy-policy\\\/\",\"url\":\"https:\\\/\\\/www.formaciondentalgram.com\\\/en\\\/privacy-policy\\\/\",\"name\":\"Privacy Policy - Dentalgram - Formaci\u00f3n para Odont\u00f3logos\",\"isPartOf\":{\"@id\":\"https:\\\/\\\/www.formaciondentalgram.com\\\/#website\"},\"datePublished\":\"2019-08-06T07:56:55+00:00\",\"dateModified\":\"2020-02-19T08:39:41+00:00\",\"breadcrumb\":{\"@id\":\"https:\\\/\\\/www.formaciondentalgram.com\\\/en\\\/privacy-policy\\\/#breadcrumb\"},\"inLanguage\":\"en-US\",\"potentialAction\":[{\"@type\":\"ReadAction\",\"target\":[\"https:\\\/\\\/www.formaciondentalgram.com\\\/en\\\/privacy-policy\\\/\"]}]},{\"@type\":\"BreadcrumbList\",\"@id\":\"https:\\\/\\\/www.formaciondentalgram.com\\\/en\\\/privacy-policy\\\/#breadcrumb\",\"itemListElement\":[{\"@type\":\"ListItem\",\"position\":1,\"name\":\"Portada\",\"item\":\"https:\\\/\\\/www.formaciondentalgram.com\\\/\"},{\"@type\":\"ListItem\",\"position\":2,\"name\":\"Privacy Policy\"}]},{\"@type\":\"WebSite\",\"@id\":\"https:\\\/\\\/www.formaciondentalgram.com\\\/#website\",\"url\":\"https:\\\/\\\/www.formaciondentalgram.com\\\/\",\"name\":\"Dentalgram - Formaci\u00f3n para Odont\u00f3logos\",\"description\":\"Formaci\u00f3n Odontol\u00f3gica especializada.\",\"publisher\":{\"@id\":\"https:\\\/\\\/www.formaciondentalgram.com\\\/#organization\"},\"potentialAction\":[{\"@type\":\"SearchAction\",\"target\":{\"@type\":\"EntryPoint\",\"urlTemplate\":\"https:\\\/\\\/www.formaciondentalgram.com\\\/?s={search_term_string}\"},\"query-input\":{\"@type\":\"PropertyValueSpecification\",\"valueRequired\":true,\"valueName\":\"search_term_string\"}}],\"inLanguage\":\"en-US\"},{\"@type\":\"Organization\",\"@id\":\"https:\\\/\\\/www.formaciondentalgram.com\\\/#organization\",\"name\":\"Dentalgram - Formaci\u00f3n para Odont\u00f3logos\",\"url\":\"https:\\\/\\\/www.formaciondentalgram.com\\\/\",\"logo\":{\"@type\":\"ImageObject\",\"inLanguage\":\"en-US\",\"@id\":\"https:\\\/\\\/www.formaciondentalgram.com\\\/#\\\/schema\\\/logo\\\/image\\\/\",\"url\":\"https:\\\/\\\/www.formaciondentalgram.com\\\/wp-content\\\/uploads\\\/logo-dentalgram.png\",\"contentUrl\":\"https:\\\/\\\/www.formaciondentalgram.com\\\/wp-content\\\/uploads\\\/logo-dentalgram.png\",\"width\":200,\"height\":44,\"caption\":\"Dentalgram - Formaci\u00f3n para Odont\u00f3logos\"},\"image\":{\"@id\":\"https:\\\/\\\/www.formaciondentalgram.com\\\/#\\\/schema\\\/logo\\\/image\\\/\"}}]}<\/script>\n<!-- \/ Yoast SEO plugin. -->","yoast_head_json":{"title":"Privacy Policy - Dentalgram - Formaci\u00f3n para Odont\u00f3logos","robots":{"index":"noindex","follow":"follow"},"og_locale":"en_US","og_type":"article","og_title":"Privacy Policy - Dentalgram - Formaci\u00f3n para Odont\u00f3logos","og_description":"Privacy Policy This Privacy Policy establishes the terms in which DENTALGRAM FORMACI\u00d3N S.L. use and protect the information that is provided by its users when using its website. This company is committed to the security of its users&#8217; data. When we ask you to fill in the personal information fields with which you can be ... Read more","og_url":"https:\/\/www.formaciondentalgram.com\/en\/privacy-policy\/","og_site_name":"Dentalgram - Formaci\u00f3n para Odont\u00f3logos","article_modified_time":"2020-02-19T08:39:41+00:00","twitter_card":"summary_large_image","twitter_misc":{"Est. reading time":"3 minutes"},"schema":{"@context":"https:\/\/schema.org","@graph":[{"@type":"WebPage","@id":"https:\/\/www.formaciondentalgram.com\/en\/privacy-policy\/","url":"https:\/\/www.formaciondentalgram.com\/en\/privacy-policy\/","name":"Privacy Policy - Dentalgram - Formaci\u00f3n para Odont\u00f3logos","isPartOf":{"@id":"https:\/\/www.formaciondentalgram.com\/#website"},"datePublished":"2019-08-06T07:56:55+00:00","dateModified":"2020-02-19T08:39:41+00:00","breadcrumb":{"@id":"https:\/\/www.formaciondentalgram.com\/en\/privacy-policy\/#breadcrumb"},"inLanguage":"en-US","potentialAction":[{"@type":"ReadAction","target":["https:\/\/www.formaciondentalgram.com\/en\/privacy-policy\/"]}]},{"@type":"BreadcrumbList","@id":"https:\/\/www.formaciondentalgram.com\/en\/privacy-policy\/#breadcrumb","itemListElement":[{"@type":"ListItem","position":1,"name":"Portada","item":"https:\/\/www.formaciondentalgram.com\/"},{"@type":"ListItem","position":2,"name":"Privacy Policy"}]},{"@type":"WebSite","@id":"https:\/\/www.formaciondentalgram.com\/#website","url":"https:\/\/www.formaciondentalgram.com\/","name":"Dentalgram - Formaci\u00f3n para Odont\u00f3logos","description":"Formaci\u00f3n Odontol\u00f3gica especializada.","publisher":{"@id":"https:\/\/www.formaciondentalgram.com\/#organization"},"potentialAction":[{"@type":"SearchAction","target":{"@type":"EntryPoint","urlTemplate":"https:\/\/www.formaciondentalgram.com\/?s={search_term_string}"},"query-input":{"@type":"PropertyValueSpecification","valueRequired":true,"valueName":"search_term_string"}}],"inLanguage":"en-US"},{"@type":"Organization","@id":"https:\/\/www.formaciondentalgram.com\/#organization","name":"Dentalgram - Formaci\u00f3n para Odont\u00f3logos","url":"https:\/\/www.formaciondentalgram.com\/","logo":{"@type":"ImageObject","inLanguage":"en-US","@id":"https:\/\/www.formaciondentalgram.com\/#\/schema\/logo\/image\/","url":"https:\/\/www.formaciondentalgram.com\/wp-content\/uploads\/logo-dentalgram.png","contentUrl":"https:\/\/www.formaciondentalgram.com\/wp-content\/uploads\/logo-dentalgram.png","width":200,"height":44,"caption":"Dentalgram - Formaci\u00f3n para Odont\u00f3logos"},"image":{"@id":"https:\/\/www.formaciondentalgram.com\/#\/schema\/logo\/image\/"}}]}},"_links":{"self":[{"href":"https:\/\/www.formaciondentalgram.com\/en\/wp-json\/wp\/v2\/pages\/2922","targetHints":{"allow":["GET"]}}],"collection":[{"href":"https:\/\/www.formaciondentalgram.com\/en\/wp-json\/wp\/v2\/pages"}],"about":[{"href":"https:\/\/www.formaciondentalgram.com\/en\/wp-json\/wp\/v2\/types\/page"}],"author":[{"embeddable":true,"href":"https:\/\/www.formaciondentalgram.com\/en\/wp-json\/wp\/v2\/users\/1"}],"replies":[{"embeddable":true,"href":"https:\/\/www.formaciondentalgram.com\/en\/wp-json\/wp\/v2\/comments?post=2922"}],"version-history":[{"count":3,"href":"https:\/\/www.formaciondentalgram.com\/en\/wp-json\/wp\/v2\/pages\/2922\/revisions"}],"predecessor-version":[{"id":3329,"href":"https:\/\/www.formaciondentalgram.com\/en\/wp-json\/wp\/v2\/pages\/2922\/revisions\/3329"}],"wp:attachment":[{"href":"https:\/\/www.formaciondentalgram.com\/en\/wp-json\/wp\/v2\/media?parent=2922"}],"curies":[{"name":"wp","href":"https:\/\/api.w.org\/{rel}","templated":true}]}}