{"id":2937,"date":"2020-02-04T10:13:48","date_gmt":"2020-02-04T09:13:48","guid":{"rendered":"https:\/\/www.formaciondentalgram.com\/pre-inscripcion-curso-auxiliar-higienista-en-invisalign\/"},"modified":"2020-03-09T17:01:03","modified_gmt":"2020-03-09T16:01:03","slug":"register-invisalign-assistant-course","status":"publish","type":"page","link":"https:\/\/www.formaciondentalgram.com\/en\/register\/register-invisalign-assistant-course\/","title":{"rendered":"Register &#8211; Invisalign Assistant Course"},"content":{"rendered":"\t\t<div data-elementor-type=\"wp-page\" data-elementor-id=\"2937\" class=\"elementor elementor-2937\" data-elementor-post-type=\"page\">\n\t\t\t\t\t\t<section class=\"elementor-section elementor-top-section elementor-element elementor-element-afc4382 elementor-section-boxed elementor-section-height-default elementor-section-height-default\" data-id=\"afc4382\" data-element_type=\"section\" data-e-type=\"section\">\n\t\t\t\t\t\t<div class=\"elementor-container elementor-column-gap-default\">\n\t\t\t\t\t<div class=\"elementor-column elementor-col-100 elementor-top-column elementor-element elementor-element-23148f9\" data-id=\"23148f9\" data-element_type=\"column\" data-e-type=\"column\">\n\t\t\t<div class=\"elementor-widget-wrap elementor-element-populated\">\n\t\t\t\t\t\t<div class=\"elementor-element elementor-element-18090f2 eael-gravity-form-button-custom elementor-widget elementor-widget-eael-gravity-form\" data-id=\"18090f2\" data-element_type=\"widget\" data-e-type=\"widget\" data-widget_type=\"eael-gravity-form.default\">\n\t\t\t\t<div class=\"elementor-widget-container\">\n\t\t\t\t\t\t\t\t<div class=\"eael-contact-form eael-gravity-form eael-contact-form-align-default\">\n\t\t        \t\t\t<\/div>\n\n            <script type=\"text\/javascript\">\n                var gf_global = {\"gf_currency_config\":{\"name\":\"Euro\",\"symbol_left\":\"\",\"symbol_right\":\"&#8364;\",\"symbol_padding\":\" \",\"thousand_separator\":\".\",\"decimal_separator\":\",\",\"decimals\":2},\"base_url\":\"https:\\\/\\\/www.formaciondentalgram.com\\\/wp-content\\\/plugins\\\/gravityforms\",\"number_formats\":[],\"spinnerUrl\":\"https:\\\/\\\/www.formaciondentalgram.com\\\/wp-content\\\/plugins\\\/gravityforms\\\/images\\\/spinner.svg\",\"strings\":{\"newRowAdded\":\"New row added.\",\"rowRemoved\":\"Row removed\",\"formSaved\":\"The form has been saved.  The content contains the link to return and complete the form.\"}};\t\t\t\tvar gf_vars = {\"active\":\"Active\",\"inactive\":\"Inactive\",\"save\":\"Save\",\"update\":\"Update\",\"previousLabel\":\"Previous\",\"selectFormat\":\"Select a format\",\"column\":\"Column\",\"editToViewAll\":\"5 of %d items shown. Edit field to view all\",\"selectAll\":\"Select All\",\"enterValue\":\"Enter a value\",\"formTitle\":\"Untitled Form\",\"formDescription\":\"We would love to hear from you! Please fill out this form and we will get in touch with you shortly.\",\"formConfirmationMessage\":\"Thanks for contacting us! We will get in touch with you shortly.\",\"buttonText\":\"Submit\",\"loading\":\"Loading...\",\"thisFieldIf\":\"this field if\",\"thisSectionIf\":\"this section if\",\"thisPage\":\"this page if\",\"thisFormButton\":\"this form button if\",\"show\":\"Show\",\"hide\":\"Hide\",\"enable\":\"Enable\",\"disable\":\"Disable\",\"enabled\":\"Enabled\",\"disabled\":\"Disabled\",\"configure\":\"Configure\",\"conditional_logic_text\":\"Conditional Logic\",\"conditional_logic_desc\":\"Conditional logic allows you to change what the user sees depending on the fields they select.\",\"conditional_logic_a11y\":\"Adding conditional logic to the form submit button could cause usabilty problems for some users and negatively impact the accessibility of your form.\",\"page\":\"Page\",\"next_button\":\"Next Button\",\"all\":\"All\",\"any\":\"Any\",\"ofTheFollowingMatch\":\"of the following match:\",\"is\":\"is\",\"isNot\":\"is not\",\"greaterThan\":\"greater than\",\"lessThan\":\"less than\",\"contains\":\"contains\",\"startsWith\":\"starts with\",\"endsWith\":\"ends with\",\"emptyChoice\":\"Empty (no choices selected)\",\"alertLegacyMode\":\"This form has legacy markup enabled and doesn\\u2019t support field resizing within the editor. Please disable legacy markup in the form settings to enable live resizing.\",\"thisConfirmation\":\"Use this confirmation if\",\"thisNotification\":\"Send this notification if\",\"confirmationSave\":\"Save\",\"confirmationSaving\":\"Saving...\",\"confirmationAreYouSure\":\"Are you sure you wish to cancel these changes?\",\"confirmationIssueSaving\":\"There was an issue saving this confirmation.\",\"confirmationConfirmDelete\":\"Are you sure you wish to delete this confirmation?\",\"confirmationIssueDeleting\":\"There was an issue deleting this confirmation.\",\"confirmationConfirmDiscard\":\"There are unsaved changes to the current confirmation. Would you like to discard these changes?\",\"confirmationDefaultName\":\"Untitled Confirmation\",\"confirmationDefaultMessage\":\"Thanks for contacting us! We will get in touch with you shortly.\",\"confirmationInvalidPageSelection\":\"Please select a page.\",\"confirmationInvalidRedirect\":\"Please enter a URL.\",\"confirmationInvalidName\":\"Please enter a confirmation name.\",\"confirmationDeleteField\":\"Warning! Deleting this field will also delete all entry data associated with it. 'Cancel' to stop. 'OK' to delete.\",\"conditionalLogicDependency\":\"Warning! This form contains conditional logic dependent upon this field. Deleting this field will deactivate those conditional logic rules and also delete all entry data associated with the field. 'OK' to delete, 'Cancel' to abort.\",\"conditionalLogicDependencyChoice\":\"This form contains conditional logic dependent upon this choice. Are you sure you want to delete this choice? 'OK' to delete, 'Cancel' to abort.\",\"conditionalLogicDependencyChoiceEdit\":\"This form contains conditional logic dependent upon this choice. Are you sure you want to modify this choice? 'OK' to delete, 'Cancel' to abort.\",\"conditionalLogicDependencyAdminOnly\":\"This form contains conditional logic dependent upon this field. Are you sure you want to mark this field as Admin Only? 'OK' to confirm, 'Cancel' to abort.\",\"mergeTagsTooltip\":\"<h6>Merge Tags<\\\/h6>Merge tags allow you to dynamically populate submitted field values in your form content wherever this merge tag icon is present.\",\"baseUrl\":\"https:\\\/\\\/www.formaciondentalgram.com\\\/wp-content\\\/plugins\\\/gravityforms\",\"gf_currency_config\":{\"name\":\"Euro\",\"symbol_left\":\"\",\"symbol_right\":\"&#8364;\",\"symbol_padding\":\" \",\"thousand_separator\":\".\",\"decimal_separator\":\",\",\"decimals\":2},\"otherChoiceValue\":\"Other\",\"isFormTrash\":false,\"currentlyAddingField\":false,\"visibilityOptions\":[{\"label\":\"Visible\",\"value\":\"visible\",\"description\":\"Default option. The field is visible when viewing the form.\"},{\"label\":\"Hidden\",\"value\":\"hidden\",\"description\":\"The field is hidden when viewing the form. Useful when you require the functionality of this field but do not want the user to be able to see this field.\"},{\"label\":\"Administrative\",\"value\":\"administrative\",\"description\":\"The field is only visible when administering submitted entries. The field is not visible or functional when viewing the form.\"}],\"addFieldFilter\":\"Add a condition\",\"removeFieldFilter\":\"Remove a condition\",\"filterAndAny\":\"{0} of the following match:\",\"customChoices\":\"Custom Choices\",\"predefinedChoices\":\"Predefined Choices\",\"fieldLabelAriaLabel\":\"{field_label} - {field_type}, jump to this field&#039;s settings\",\"nameFieldDefaultPrefixes\":[{\"text\":\"Dr.\",\"value\":\"Dr.\"},{\"text\":\"Miss\",\"value\":\"Miss\"},{\"text\":\"Mr.\",\"value\":\"Mr.\"},{\"text\":\"Mrs.\",\"value\":\"Mrs.\"},{\"text\":\"Ms.\",\"value\":\"Ms.\"},{\"text\":\"Prof.\",\"value\":\"Prof.\"},{\"text\":\"Rev.\",\"value\":\"Rev.\"}]};\t\t\t<\/script>\n            \t\t\t\t<\/div>\n\t\t\t\t<\/div>\n\t\t\t\t\t<\/div>\n\t\t<\/div>\n\t\t\t\t\t<\/div>\n\t\t<\/section>\n\t\t\t\t<\/div>\n\t\t","protected":false},"excerpt":{"rendered":"<p>Register &#8211; INVISALIGN ASSISTANT COURSE Paso 1 de 3 33% Step 1 of 3: MODALITY INVISALIGN ASSISTANT\/HYGIENIST COURSE* COURSE: 1 Assistant\/hygienist. On-site Theorical-Hands-on (750\u20ac) Step 2 of 3: PERSONAL DETAILS Name and last name* E-mail* Introduce un email Confirmar email Phone Number* Date of birth* Formato de fecha:DD barra MM barra AAAA Nacionality*ESPA\u00d1OLAAlbaniaArgeliaSamoa AmericanaAndorraAngolaAnguillaAnt\u00e1rtidaAntigua y &#8230; <a title=\"Register &#8211; Invisalign Assistant Course\" class=\"read-more\" href=\"https:\/\/www.formaciondentalgram.com\/en\/register\/register-invisalign-assistant-course\/\" aria-label=\"Read more about Register &#8211; Invisalign Assistant Course\">Read more<\/a><\/p>\n","protected":false},"author":1,"featured_media":0,"parent":2929,"menu_order":0,"comment_status":"closed","ping_status":"closed","template":"elementor_header_footer","meta":{"footnotes":""},"class_list":["post-2937","page","type-page","status-publish"],"yoast_head":"<!-- This site is optimized with the Yoast SEO plugin v27.4 - https:\/\/yoast.com\/product\/yoast-seo-wordpress\/ -->\n<title>Register - Invisalign Assistant Course - Dentalgram - Formaci\u00f3n para Odont\u00f3logos<\/title>\n<meta name=\"robots\" content=\"index, follow, max-snippet:-1, max-image-preview:large, max-video-preview:-1\" \/>\n<link rel=\"canonical\" href=\"https:\/\/www.formaciondentalgram.com\/inscripciones\/pre-inscripcion-curso-auxiliar-higienista-en-invisalign\/\" \/>\n<meta property=\"og:locale\" content=\"en_US\" \/>\n<meta property=\"og:type\" content=\"article\" \/>\n<meta property=\"og:title\" content=\"Register - Invisalign Assistant Course - Dentalgram - Formaci\u00f3n para Odont\u00f3logos\" \/>\n<meta property=\"og:description\" content=\"Register &#8211; INVISALIGN ASSISTANT COURSE Paso 1 de 3 33% Step 1 of 3: MODALITY INVISALIGN ASSISTANT\/HYGIENIST COURSE* COURSE: 1 Assistant\/hygienist. On-site Theorical-Hands-on (750\u20ac) Step 2 of 3: PERSONAL DETAILS Name and last name* E-mail* Introduce un email Confirmar email Phone Number* Date of birth* Formato de fecha:DD barra MM barra AAAA Nacionality*ESPA\u00d1OLAAlbaniaArgeliaSamoa AmericanaAndorraAngolaAnguillaAnt\u00e1rtidaAntigua y ... Read more\" \/>\n<meta property=\"og:url\" content=\"https:\/\/www.formaciondentalgram.com\/inscripciones\/pre-inscripcion-curso-auxiliar-higienista-en-invisalign\/\" \/>\n<meta property=\"og:site_name\" content=\"Dentalgram - Formaci\u00f3n para Odont\u00f3logos\" \/>\n<meta property=\"article:modified_time\" content=\"2020-03-09T16:01:03+00:00\" \/>\n<meta name=\"twitter:card\" content=\"summary_large_image\" \/>\n<meta name=\"twitter:label1\" content=\"Est. reading time\" \/>\n\t<meta name=\"twitter:data1\" content=\"2 minutes\" \/>\n<script type=\"application\/ld+json\" class=\"yoast-schema-graph\">{\"@context\":\"https:\\\/\\\/schema.org\",\"@graph\":[{\"@type\":\"WebPage\",\"@id\":\"https:\\\/\\\/www.formaciondentalgram.com\\\/inscripciones\\\/pre-inscripcion-curso-auxiliar-higienista-en-invisalign\\\/\",\"url\":\"https:\\\/\\\/www.formaciondentalgram.com\\\/inscripciones\\\/pre-inscripcion-curso-auxiliar-higienista-en-invisalign\\\/\",\"name\":\"Register - Invisalign Assistant Course - Dentalgram - Formaci\u00f3n para Odont\u00f3logos\",\"isPartOf\":{\"@id\":\"https:\\\/\\\/www.formaciondentalgram.com\\\/#website\"},\"datePublished\":\"2020-02-04T09:13:48+00:00\",\"dateModified\":\"2020-03-09T16:01:03+00:00\",\"breadcrumb\":{\"@id\":\"https:\\\/\\\/www.formaciondentalgram.com\\\/inscripciones\\\/pre-inscripcion-curso-auxiliar-higienista-en-invisalign\\\/#breadcrumb\"},\"inLanguage\":\"en-US\",\"potentialAction\":[{\"@type\":\"ReadAction\",\"target\":[\"https:\\\/\\\/www.formaciondentalgram.com\\\/inscripciones\\\/pre-inscripcion-curso-auxiliar-higienista-en-invisalign\\\/\"]}]},{\"@type\":\"BreadcrumbList\",\"@id\":\"https:\\\/\\\/www.formaciondentalgram.com\\\/inscripciones\\\/pre-inscripcion-curso-auxiliar-higienista-en-invisalign\\\/#breadcrumb\",\"itemListElement\":[{\"@type\":\"ListItem\",\"position\":1,\"name\":\"Portada\",\"item\":\"https:\\\/\\\/www.formaciondentalgram.com\\\/\"},{\"@type\":\"ListItem\",\"position\":2,\"name\":\"Register\",\"item\":\"https:\\\/\\\/www.formaciondentalgram.com\\\/inscripciones\\\/\"},{\"@type\":\"ListItem\",\"position\":3,\"name\":\"Register &#8211; Invisalign Assistant Course\"}]},{\"@type\":\"WebSite\",\"@id\":\"https:\\\/\\\/www.formaciondentalgram.com\\\/#website\",\"url\":\"https:\\\/\\\/www.formaciondentalgram.com\\\/\",\"name\":\"Dentalgram - Formaci\u00f3n para Odont\u00f3logos\",\"description\":\"Formaci\u00f3n Odontol\u00f3gica especializada.\",\"publisher\":{\"@id\":\"https:\\\/\\\/www.formaciondentalgram.com\\\/#organization\"},\"potentialAction\":[{\"@type\":\"SearchAction\",\"target\":{\"@type\":\"EntryPoint\",\"urlTemplate\":\"https:\\\/\\\/www.formaciondentalgram.com\\\/?s={search_term_string}\"},\"query-input\":{\"@type\":\"PropertyValueSpecification\",\"valueRequired\":true,\"valueName\":\"search_term_string\"}}],\"inLanguage\":\"en-US\"},{\"@type\":\"Organization\",\"@id\":\"https:\\\/\\\/www.formaciondentalgram.com\\\/#organization\",\"name\":\"Dentalgram - Formaci\u00f3n para Odont\u00f3logos\",\"url\":\"https:\\\/\\\/www.formaciondentalgram.com\\\/\",\"logo\":{\"@type\":\"ImageObject\",\"inLanguage\":\"en-US\",\"@id\":\"https:\\\/\\\/www.formaciondentalgram.com\\\/#\\\/schema\\\/logo\\\/image\\\/\",\"url\":\"https:\\\/\\\/www.formaciondentalgram.com\\\/wp-content\\\/uploads\\\/logo-dentalgram.png\",\"contentUrl\":\"https:\\\/\\\/www.formaciondentalgram.com\\\/wp-content\\\/uploads\\\/logo-dentalgram.png\",\"width\":200,\"height\":44,\"caption\":\"Dentalgram - Formaci\u00f3n para Odont\u00f3logos\"},\"image\":{\"@id\":\"https:\\\/\\\/www.formaciondentalgram.com\\\/#\\\/schema\\\/logo\\\/image\\\/\"}}]}<\/script>\n<!-- \/ Yoast SEO plugin. -->","yoast_head_json":{"title":"Register - Invisalign Assistant Course - Dentalgram - Formaci\u00f3n para Odont\u00f3logos","robots":{"index":"index","follow":"follow","max-snippet":"max-snippet:-1","max-image-preview":"max-image-preview:large","max-video-preview":"max-video-preview:-1"},"canonical":"https:\/\/www.formaciondentalgram.com\/inscripciones\/pre-inscripcion-curso-auxiliar-higienista-en-invisalign\/","og_locale":"en_US","og_type":"article","og_title":"Register - Invisalign Assistant Course - Dentalgram - Formaci\u00f3n para Odont\u00f3logos","og_description":"Register &#8211; INVISALIGN ASSISTANT COURSE Paso 1 de 3 33% Step 1 of 3: MODALITY INVISALIGN ASSISTANT\/HYGIENIST COURSE* COURSE: 1 Assistant\/hygienist. On-site Theorical-Hands-on (750\u20ac) Step 2 of 3: PERSONAL DETAILS Name and last name* E-mail* Introduce un email Confirmar email Phone Number* Date of birth* Formato de fecha:DD barra MM barra AAAA Nacionality*ESPA\u00d1OLAAlbaniaArgeliaSamoa AmericanaAndorraAngolaAnguillaAnt\u00e1rtidaAntigua y ... Read more","og_url":"https:\/\/www.formaciondentalgram.com\/inscripciones\/pre-inscripcion-curso-auxiliar-higienista-en-invisalign\/","og_site_name":"Dentalgram - Formaci\u00f3n para Odont\u00f3logos","article_modified_time":"2020-03-09T16:01:03+00:00","twitter_card":"summary_large_image","twitter_misc":{"Est. reading time":"2 minutes"},"schema":{"@context":"https:\/\/schema.org","@graph":[{"@type":"WebPage","@id":"https:\/\/www.formaciondentalgram.com\/inscripciones\/pre-inscripcion-curso-auxiliar-higienista-en-invisalign\/","url":"https:\/\/www.formaciondentalgram.com\/inscripciones\/pre-inscripcion-curso-auxiliar-higienista-en-invisalign\/","name":"Register - Invisalign Assistant Course - Dentalgram - Formaci\u00f3n para Odont\u00f3logos","isPartOf":{"@id":"https:\/\/www.formaciondentalgram.com\/#website"},"datePublished":"2020-02-04T09:13:48+00:00","dateModified":"2020-03-09T16:01:03+00:00","breadcrumb":{"@id":"https:\/\/www.formaciondentalgram.com\/inscripciones\/pre-inscripcion-curso-auxiliar-higienista-en-invisalign\/#breadcrumb"},"inLanguage":"en-US","potentialAction":[{"@type":"ReadAction","target":["https:\/\/www.formaciondentalgram.com\/inscripciones\/pre-inscripcion-curso-auxiliar-higienista-en-invisalign\/"]}]},{"@type":"BreadcrumbList","@id":"https:\/\/www.formaciondentalgram.com\/inscripciones\/pre-inscripcion-curso-auxiliar-higienista-en-invisalign\/#breadcrumb","itemListElement":[{"@type":"ListItem","position":1,"name":"Portada","item":"https:\/\/www.formaciondentalgram.com\/"},{"@type":"ListItem","position":2,"name":"Register","item":"https:\/\/www.formaciondentalgram.com\/inscripciones\/"},{"@type":"ListItem","position":3,"name":"Register &#8211; Invisalign Assistant Course"}]},{"@type":"WebSite","@id":"https:\/\/www.formaciondentalgram.com\/#website","url":"https:\/\/www.formaciondentalgram.com\/","name":"Dentalgram - Formaci\u00f3n para Odont\u00f3logos","description":"Formaci\u00f3n Odontol\u00f3gica especializada.","publisher":{"@id":"https:\/\/www.formaciondentalgram.com\/#organization"},"potentialAction":[{"@type":"SearchAction","target":{"@type":"EntryPoint","urlTemplate":"https:\/\/www.formaciondentalgram.com\/?s={search_term_string}"},"query-input":{"@type":"PropertyValueSpecification","valueRequired":true,"valueName":"search_term_string"}}],"inLanguage":"en-US"},{"@type":"Organization","@id":"https:\/\/www.formaciondentalgram.com\/#organization","name":"Dentalgram - Formaci\u00f3n para Odont\u00f3logos","url":"https:\/\/www.formaciondentalgram.com\/","logo":{"@type":"ImageObject","inLanguage":"en-US","@id":"https:\/\/www.formaciondentalgram.com\/#\/schema\/logo\/image\/","url":"https:\/\/www.formaciondentalgram.com\/wp-content\/uploads\/logo-dentalgram.png","contentUrl":"https:\/\/www.formaciondentalgram.com\/wp-content\/uploads\/logo-dentalgram.png","width":200,"height":44,"caption":"Dentalgram - Formaci\u00f3n para Odont\u00f3logos"},"image":{"@id":"https:\/\/www.formaciondentalgram.com\/#\/schema\/logo\/image\/"}}]}},"_links":{"self":[{"href":"https:\/\/www.formaciondentalgram.com\/en\/wp-json\/wp\/v2\/pages\/2937","targetHints":{"allow":["GET"]}}],"collection":[{"href":"https:\/\/www.formaciondentalgram.com\/en\/wp-json\/wp\/v2\/pages"}],"about":[{"href":"https:\/\/www.formaciondentalgram.com\/en\/wp-json\/wp\/v2\/types\/page"}],"author":[{"embeddable":true,"href":"https:\/\/www.formaciondentalgram.com\/en\/wp-json\/wp\/v2\/users\/1"}],"replies":[{"embeddable":true,"href":"https:\/\/www.formaciondentalgram.com\/en\/wp-json\/wp\/v2\/comments?post=2937"}],"version-history":[{"count":6,"href":"https:\/\/www.formaciondentalgram.com\/en\/wp-json\/wp\/v2\/pages\/2937\/revisions"}],"predecessor-version":[{"id":5144,"href":"https:\/\/www.formaciondentalgram.com\/en\/wp-json\/wp\/v2\/pages\/2937\/revisions\/5144"}],"up":[{"embeddable":true,"href":"https:\/\/www.formaciondentalgram.com\/en\/wp-json\/wp\/v2\/pages\/2929"}],"wp:attachment":[{"href":"https:\/\/www.formaciondentalgram.com\/en\/wp-json\/wp\/v2\/media?parent=2937"}],"curies":[{"name":"wp","href":"https:\/\/api.w.org\/{rel}","templated":true}]}}